{"id":994,"date":"2021-05-15T08:55:34","date_gmt":"2021-05-15T08:55:34","guid":{"rendered":"http:\/\/groupgfr.com\/etek\/?page_id=994"},"modified":"2021-05-15T08:55:34","modified_gmt":"2021-05-15T08:55:34","slug":"company-overview","status":"publish","type":"page","link":"https:\/\/etek.com\/es\/company-overview\/","title":{"rendered":"Company-Overview"},"content":{"rendered":"<p>Visi\u00f3n general y metodolog\u00eda Etek<\/p>\n<p>Etek es un reconocido proveedor de servicios gestionados de ciberseguridad, que ayuda a los clientes a encontrar soluciones a sus problemas de ciberseguridad y emprender un viaje hacia la transformaci\u00f3n digital a trav\u00e9s de pasos progresivos. Caminamos el kil\u00f3metro extra para brindar servicios alineados con nuestra visi\u00f3n de ofrecer soluciones cibern\u00e9ticas innovadoras y que mejoren el rendimiento de las operaciones de negocio.<\/p>\n<h3>\n\t\t\t\t\tQui\u00e9nes somos<br \/>\n\t\t\t\t<\/h3>\n<p>Entregamos tranquilidad a nuestros clientes a trav\u00e9s de soluciones integradas de ciberseguridad. No dejamos piedra sin remover para transformar los objetivos, metas y destinos de diferentes negocios en diversas industrias con nuestro amplio portafolio de servicios de punta a punta seg\u00fan las necesidades y requerimientos del negocio.<\/p>\n<h3>\n\t\t\t\t\tNuestra misi\u00f3n<br \/>\n\t\t\t\t<\/h3>\n<p>Brindar servicios y soluciones cibern\u00e9ticos de primer nivel con altos est\u00e1ndares de calidad, brindando tranquilidad, confianza y satisfacci\u00f3n a nuestros clientes.<\/p>\n<h3>\n\t\t\t\t\tNuestra visi\u00f3n<br \/>\n\t\t\t\t<\/h3>\n<p>Convertirnos en la opci\u00f3n preferida de nuestros clientes en su viaje de transformaci\u00f3n, entendiendo su contexto de negocio a trav\u00e9s de soluciones innovadoras y personalizadas, reconocidas a nivel mundial permitiendo alcanzar sus objetivos estrat\u00e9gicos.<\/p>\n<p>Nuestra trayectoria<\/p>\n<p>Tenemos m\u00e1s de 25 a\u00f1os de experiencia pr\u00e1ctica<\/p>\n<p>ETEK cuenta con m\u00e1s de 25 a\u00f1os de experiencia en el suministro de soluciones de ciberseguridad innovadoras y personalizadas, reconocidas a nivel mundial. Desde el d\u00eda de su llegada a la industria, han construido pilares poderosos y s\u00f3lidos de m\u00e1s de 15 a\u00f1os de experiencia en MSS, m\u00e1s de 110 especialistas y m\u00e1s de 20 certificaciones, m\u00e1s de 250 clientes en todos los segmentos y soporte de infraestructura de 88M + USD \/ hr en transacciones bancarias. , 240.000 + \/ hr operaciones bancarias y 75% de acceso m\u00f3vil por 50 millones. De esta forma, reflejando la fuerza y \u200b\u200bdedicaci\u00f3n con la que emprenden proyectos y los culminan con \u00e9xito.<\/p>\n<p>Todo junto, ETEK tiene valores inquebrantables y una filosof\u00eda de trabajo eterna que los diferencia de la competencia. ETEK es una cultura sin\u00f3nimo de integridad, verdad, confianza, armon\u00eda, confiabilidad, centrado en el cliente y enfoque comunitario.<\/p>\n<p>\t\t\t\t\t\t\t\t\t\t<img loading=\"lazy\" decoding=\"async\" width=\"1920\" height=\"1256\" src=\"https:\/\/etek.com\/es\/wp-content\/uploads\/2021\/05\/experience.jpg\" alt=\"\" loading=\"lazy\" srcset=\"https:\/\/etek.com\/es\/wp-content\/uploads\/2021\/05\/experience.jpg 1920w, https:\/\/etek.com\/es\/wp-content\/uploads\/2021\/05\/experience-300x196.jpg 300w, https:\/\/etek.com\/es\/wp-content\/uploads\/2021\/05\/experience-1024x670.jpg 1024w, https:\/\/etek.com\/es\/wp-content\/uploads\/2021\/05\/experience-768x502.jpg 768w, https:\/\/etek.com\/es\/wp-content\/uploads\/2021\/05\/experience-1536x1005.jpg 1536w, https:\/\/etek.com\/es\/wp-content\/uploads\/2021\/05\/experience-600x393.jpg 600w\" sizes=\"(max-width: 1920px) 100vw, 1920px\" \/><\/p>\n<p>Metodolog\u00eda Etek<\/p>\n<p>Dando prioridad a las necesidades y requisitos de sus clientes, Etek alinea sus acciones y planes para ofrecer las mejores soluciones. De este modo, se obtienen resultados inesperados, soluciones extraordinarias y procesos de escalado del crecimiento para revelar nuevas v\u00edas de progreso.<\/p>\n<p>\t\t\t\t\t\t\t\t\t\t<img loading=\"lazy\" decoding=\"async\" width=\"600\" height=\"600\" src=\"https:\/\/etek.com\/es\/wp-content\/uploads\/2021\/05\/ETEK-Framework.jpg\" alt=\"\" loading=\"lazy\" srcset=\"https:\/\/etek.com\/es\/wp-content\/uploads\/2021\/05\/ETEK-Framework.jpg 600w, https:\/\/etek.com\/es\/wp-content\/uploads\/2021\/05\/ETEK-Framework-300x300.jpg 300w, https:\/\/etek.com\/es\/wp-content\/uploads\/2021\/05\/ETEK-Framework-150x150.jpg 150w, https:\/\/etek.com\/es\/wp-content\/uploads\/2021\/05\/ETEK-Framework-100x100.jpg 100w\" sizes=\"(max-width: 600px) 100vw, 600px\" \/><\/p>\n<p>Por lo tanto, al poner en pr\u00e1ctica su excelencia,\u00a0Etek\u00a0sigue el siguiente modelo o un marco planificado, los hace malabarismos y act\u00faa directamente en el tiempo mediante el estudio de las tendencias del mercado y la creaci\u00f3n de algunos por s\u00ed mismos.<\/p>\n<p><!-- list --><\/p>\n<ul>\n<li>Comprender los puntos d\u00e9biles y los desaf\u00edos de un cliente y analizarlos en diferentes categor\u00edas como procesos y gobernanza, gesti\u00f3n de riesgos, mejora de la rentabilidad, etc.<\/li>\n<li>Abordar los puntos d\u00e9biles con el tipo correcto de gesti\u00f3n de cartera en diferentes secciones como Biz Core, Cloud, DX, etc.<\/li>\n<li>Administrar agregando servicios de seguridad, servicios de implementaci\u00f3n, subcontrataci\u00f3n y m\u00e1s.<\/li>\n<li>Agregar conocimientos de Etek de tres capas para conectar la estrategia con la acci\u00f3n, el riesgo cibern\u00e9tico combinado con los controles de seguridad cibern\u00e9tica.<\/li>\n<\/ul>\n<p><!-- list --><\/p>\n<p>Conecta con nosotros<\/p>\n<p>\t\t\t<a href=\"https:\/\/etek.com\/es\/contact-us\/\" role=\"button\"><br \/>\n\t\t\t\t\t\tHablar con un asesor<br \/>\n\t\t\t\t\t<\/a><\/p>\n","protected":false},"excerpt":{"rendered":"<p>Visi\u00f3n general y metodolog\u00eda Etek Etek es un reconocido proveedor de servicios gestionados de ciberseguridad, que ayuda a los clientes a encontrar soluciones a sus problemas de ciberseguridad y emprender un viaje hacia la transformaci\u00f3n digital a trav\u00e9s de pasos progresivos. Caminamos el kil\u00f3metro extra para brindar servicios alineados con nuestra visi\u00f3n de ofrecer soluciones [&hellip;]<\/p>\n","protected":false},"author":2,"featured_media":0,"parent":0,"menu_order":0,"comment_status":"closed","ping_status":"closed","template":"elementor_header_footer","meta":{"footnotes":""},"_links":{"self":[{"href":"https:\/\/etek.com\/es\/wp-json\/wp\/v2\/pages\/994"}],"collection":[{"href":"https:\/\/etek.com\/es\/wp-json\/wp\/v2\/pages"}],"about":[{"href":"https:\/\/etek.com\/es\/wp-json\/wp\/v2\/types\/page"}],"author":[{"embeddable":true,"href":"https:\/\/etek.com\/es\/wp-json\/wp\/v2\/users\/2"}],"replies":[{"embeddable":true,"href":"https:\/\/etek.com\/es\/wp-json\/wp\/v2\/comments?post=994"}],"version-history":[{"count":0,"href":"https:\/\/etek.com\/es\/wp-json\/wp\/v2\/pages\/994\/revisions"}],"wp:attachment":[{"href":"https:\/\/etek.com\/es\/wp-json\/wp\/v2\/media?parent=994"}],"curies":[{"name":"wp","href":"https:\/\/api.w.org\/{rel}","templated":true}]}}