{"id":912,"date":"2023-11-20T12:19:25","date_gmt":"2023-11-20T12:19:25","guid":{"rendered":"https:\/\/www.etek.com\/?page_id=912"},"modified":"2024-07-02T16:30:14","modified_gmt":"2024-07-02T16:30:14","slug":"events","status":"publish","type":"page","link":"https:\/\/etek.com\/es\/events\/","title":{"rendered":"Eventos"},"content":{"rendered":"\t\t<div data-elementor-type=\"wp-page\" data-elementor-id=\"912\" class=\"elementor elementor-912\" data-elementor-post-type=\"page\">\n\t\t\t\t<div class=\"elementor-element elementor-element-09491cf e-flex e-con-boxed e-con e-parent\" data-id=\"09491cf\" data-element_type=\"container\" data-settings=\"{&quot;background_background&quot;:&quot;classic&quot;}\" data-core-v316-plus=\"true\">\n\t\t\t\t\t<div class=\"e-con-inner\">\n\t\t\t\t<div class=\"elementor-element elementor-element-f73a768 elementor-widget elementor-widget-text-editor\" data-id=\"f73a768\" data-element_type=\"widget\" data-widget_type=\"text-editor.default\">\n\t\t\t\t<div class=\"elementor-widget-container\">\n\t\t\t<style>\/*! elementor - v3.20.0 - 13-03-2024 *\/\n.elementor-widget-text-editor.elementor-drop-cap-view-stacked .elementor-drop-cap{background-color:#69727d;color:#fff}.elementor-widget-text-editor.elementor-drop-cap-view-framed .elementor-drop-cap{color:#69727d;border:3px solid;background-color:transparent}.elementor-widget-text-editor:not(.elementor-drop-cap-view-default) .elementor-drop-cap{margin-top:8px}.elementor-widget-text-editor:not(.elementor-drop-cap-view-default) .elementor-drop-cap-letter{width:1em;height:1em}.elementor-widget-text-editor .elementor-drop-cap{float:left;text-align:center;line-height:1;font-size:50px}.elementor-widget-text-editor .elementor-drop-cap-letter{display:inline-block}<\/style>\t\t\t\t<p>Home &gt; <strong>Events<\/strong><\/p>\t\t\t\t\t\t<\/div>\n\t\t\t\t<\/div>\n\t\t\t\t<div class=\"elementor-element elementor-element-01afd06 elementor-widget elementor-widget-heading\" data-id=\"01afd06\" data-element_type=\"widget\" data-widget_type=\"heading.default\">\n\t\t\t\t<div class=\"elementor-widget-container\">\n\t\t\t<style>\/*! elementor - v3.20.0 - 13-03-2024 *\/\n.elementor-heading-title{padding:0;margin:0;line-height:1}.elementor-widget-heading .elementor-heading-title[class*=elementor-size-]>a{color:inherit;font-size:inherit;line-height:inherit}.elementor-widget-heading .elementor-heading-title.elementor-size-small{font-size:15px}.elementor-widget-heading .elementor-heading-title.elementor-size-medium{font-size:19px}.elementor-widget-heading .elementor-heading-title.elementor-size-large{font-size:29px}.elementor-widget-heading .elementor-heading-title.elementor-size-xl{font-size:39px}.elementor-widget-heading .elementor-heading-title.elementor-size-xxl{font-size:59px}<\/style><h2 class=\"elementor-heading-title elementor-size-default\">Eventos<\/h2>\t\t<\/div>\n\t\t\t\t<\/div>\n\t\t\t\t\t<\/div>\n\t\t\t\t<\/div>\n\t\t<div class=\"elementor-element elementor-element-3418927 e-flex e-con-boxed e-con e-parent\" data-id=\"3418927\" data-element_type=\"container\" data-core-v316-plus=\"true\">\n\t\t\t\t\t<div class=\"e-con-inner\">\n\t\t\t\t<div class=\"elementor-element elementor-element-fe03530 elementor-widget elementor-widget-heading\" data-id=\"fe03530\" data-element_type=\"widget\" data-widget_type=\"heading.default\">\n\t\t\t\t<div class=\"elementor-widget-container\">\n\t\t\t<h6 class=\"elementor-heading-title elementor-size-default\">ETEK EVENTS<\/h6>\t\t<\/div>\n\t\t\t\t<\/div>\n\t\t\t\t<div class=\"elementor-element elementor-element-d22786e elementor-widget elementor-widget-heading\" data-id=\"d22786e\" data-element_type=\"widget\" data-widget_type=\"heading.default\">\n\t\t\t\t<div class=\"elementor-widget-container\">\n\t\t\t<h2 class=\"elementor-heading-title elementor-size-default\">Latest happeninngs<\/h2>\t\t<\/div>\n\t\t\t\t<\/div>\n\t\t\t\t<div class=\"elementor-element elementor-element-da2f57d elementor-widget-divider--view-line elementor-widget elementor-widget-divider\" data-id=\"da2f57d\" data-element_type=\"widget\" data-widget_type=\"divider.default\">\n\t\t\t\t<div class=\"elementor-widget-container\">\n\t\t\t<style>\/*! elementor - v3.20.0 - 13-03-2024 *\/\n.elementor-widget-divider{--divider-border-style:none;--divider-border-width:1px;--divider-color:#0c0d0e;--divider-icon-size:20px;--divider-element-spacing:10px;--divider-pattern-height:24px;--divider-pattern-size:20px;--divider-pattern-url:none;--divider-pattern-repeat:repeat-x}.elementor-widget-divider .elementor-divider{display:flex}.elementor-widget-divider .elementor-divider__text{font-size:15px;line-height:1;max-width:95%}.elementor-widget-divider .elementor-divider__element{margin:0 var(--divider-element-spacing);flex-shrink:0}.elementor-widget-divider .elementor-icon{font-size:var(--divider-icon-size)}.elementor-widget-divider .elementor-divider-separator{display:flex;margin:0;direction:ltr}.elementor-widget-divider--view-line_icon .elementor-divider-separator,.elementor-widget-divider--view-line_text .elementor-divider-separator{align-items:center}.elementor-widget-divider--view-line_icon .elementor-divider-separator:after,.elementor-widget-divider--view-line_icon .elementor-divider-separator:before,.elementor-widget-divider--view-line_text .elementor-divider-separator:after,.elementor-widget-divider--view-line_text .elementor-divider-separator:before{display:block;content:\"\";border-block-end:0;flex-grow:1;border-block-start:var(--divider-border-width) var(--divider-border-style) var(--divider-color)}.elementor-widget-divider--element-align-left .elementor-divider .elementor-divider-separator>.elementor-divider__svg:first-of-type{flex-grow:0;flex-shrink:100}.elementor-widget-divider--element-align-left .elementor-divider-separator:before{content:none}.elementor-widget-divider--element-align-left .elementor-divider__element{margin-left:0}.elementor-widget-divider--element-align-right .elementor-divider .elementor-divider-separator>.elementor-divider__svg:last-of-type{flex-grow:0;flex-shrink:100}.elementor-widget-divider--element-align-right .elementor-divider-separator:after{content:none}.elementor-widget-divider--element-align-right .elementor-divider__element{margin-right:0}.elementor-widget-divider--element-align-start .elementor-divider .elementor-divider-separator>.elementor-divider__svg:first-of-type{flex-grow:0;flex-shrink:100}.elementor-widget-divider--element-align-start .elementor-divider-separator:before{content:none}.elementor-widget-divider--element-align-start .elementor-divider__element{margin-inline-start:0}.elementor-widget-divider--element-align-end .elementor-divider .elementor-divider-separator>.elementor-divider__svg:last-of-type{flex-grow:0;flex-shrink:100}.elementor-widget-divider--element-align-end .elementor-divider-separator:after{content:none}.elementor-widget-divider--element-align-end .elementor-divider__element{margin-inline-end:0}.elementor-widget-divider:not(.elementor-widget-divider--view-line_text):not(.elementor-widget-divider--view-line_icon) .elementor-divider-separator{border-block-start:var(--divider-border-width) var(--divider-border-style) var(--divider-color)}.elementor-widget-divider--separator-type-pattern{--divider-border-style:none}.elementor-widget-divider--separator-type-pattern.elementor-widget-divider--view-line .elementor-divider-separator,.elementor-widget-divider--separator-type-pattern:not(.elementor-widget-divider--view-line) .elementor-divider-separator:after,.elementor-widget-divider--separator-type-pattern:not(.elementor-widget-divider--view-line) .elementor-divider-separator:before,.elementor-widget-divider--separator-type-pattern:not([class*=elementor-widget-divider--view]) .elementor-divider-separator{width:100%;min-height:var(--divider-pattern-height);-webkit-mask-size:var(--divider-pattern-size) 100%;mask-size:var(--divider-pattern-size) 100%;-webkit-mask-repeat:var(--divider-pattern-repeat);mask-repeat:var(--divider-pattern-repeat);background-color:var(--divider-color);-webkit-mask-image:var(--divider-pattern-url);mask-image:var(--divider-pattern-url)}.elementor-widget-divider--no-spacing{--divider-pattern-size:auto}.elementor-widget-divider--bg-round{--divider-pattern-repeat:round}.rtl .elementor-widget-divider .elementor-divider__text{direction:rtl}.e-con-inner>.elementor-widget-divider,.e-con>.elementor-widget-divider{width:var(--container-widget-width,100%);--flex-grow:var(--container-widget-flex-grow)}<\/style>\t\t<div class=\"elementor-divider\">\n\t\t\t<span class=\"elementor-divider-separator\">\n\t\t\t\t\t\t<\/span>\n\t\t<\/div>\n\t\t\t\t<\/div>\n\t\t\t\t<\/div>\n\t\t\t\t\t<\/div>\n\t\t\t\t<\/div>\n\t\t<div class=\"elementor-element elementor-element-249121b e-flex e-con-boxed e-con e-parent\" data-id=\"249121b\" data-element_type=\"container\" data-core-v316-plus=\"true\">\n\t\t\t\t\t<div class=\"e-con-inner\">\n\t\t\t\t<div class=\"elementor-element elementor-element-07c1729 elementor-widget elementor-widget-swp-eventpress-list\" data-id=\"07c1729\" data-element_type=\"widget\" data-widget_type=\"swp-eventpress-list.default\">\n\t\t\t\t<div class=\"elementor-widget-container\">\n\t\t\t    <!-- Event Card 9 -->\r\n    <section class=\"shop-area style-9\">\r\n        <div class=\"swp-container\">\r\n                                <div class=\"swp-single-inner style-9\">\r\n                        <div class=\"swp-row\">\r\n                            <div class=\"swp-col-lg-4 swp-align-self-center\">\r\n                                <div class=\"content-box\">\r\n                                    <ul class=\"swp-meta-inner\">\r\n                                                                                <li><i class=\"fa fa-calendar-alt\"><\/i> 01 Jan 1970<\/li>\r\n                                    <\/ul>\r\n                                    <h5 class=\"inner-title swp-mt-15 swp-mb-10\">\r\n                                        <a   href=\"https:\/\/etek.com\/es\/event\/8249\/\" >\r\n                                            ETEK en Andicom 2024                                        <\/a>\r\n                                    <\/h5>\r\n                                                                            <p>ETEK en Andicom 2024: Fortalecimos conexiones clave y, junto a Cintel, premiamos la innovaci\u00f3n en ciberseguridad, consolidando relaciones con clientes y nuevos contactos.<\/p>\r\n                                                                    <\/div>\r\n                            <\/div>\r\n                            <div class=\"swp-col-lg-4\">\r\n                                <div class=\"icon-img\">\r\n                                    <a   href=\"https:\/\/etek.com\/es\/event\/8249\/\" >\r\n                                        <img fetchpriority=\"high\" decoding=\"async\" width=\"370\" height=\"270\" src=\"https:\/\/etek.com\/es\/wp-content\/uploads\/2024\/09\/1-1-370x270.png\" class=\"attachment-swp_eventpress_370x270 size-swp_eventpress_370x270 wp-post-image\" alt=\"\" \/>                                    <\/a>\r\n                                <\/div>\r\n                            <\/div>\r\n                            <div class=\"swp-col-lg-4 swp-align-self-center\">\r\n                                <div class=\"content-box\">\r\n                                                                                                        <\/div>\r\n                            <\/div>\r\n                        <\/div>\r\n                    <\/div>\r\n                                    <div class=\"swp-single-inner style-9\">\r\n                        <div class=\"swp-row\">\r\n                            <div class=\"swp-col-lg-4 swp-align-self-center\">\r\n                                <div class=\"content-box\">\r\n                                    <ul class=\"swp-meta-inner\">\r\n                                                                                <li><i class=\"fa fa-calendar-alt\"><\/i> 01 Jan 1970<\/li>\r\n                                    <\/ul>\r\n                                    <h5 class=\"inner-title swp-mt-15 swp-mb-10\">\r\n                                        <a   href=\"https:\/\/etek.com\/es\/event\/zero-trust-night\/\" >\r\n                                            Zero Trust Night                                        <\/a>\r\n                                    <\/h5>\r\n                                                                            <p>Zero Trust Night con Zscaler: Una velada exclusiva en Medell\u00edn y Bogot\u00e1, donde exploramos el enfoque Zero Trust en ciberseguridad, acompa\u00f1ados de una cena gourmet y cata de vinos, fortaleciendo nuestra alianza y compromiso con la innovaci\u00f3n.<\/p>\r\n                                                                    <\/div>\r\n                            <\/div>\r\n                            <div class=\"swp-col-lg-4\">\r\n                                <div class=\"icon-img\">\r\n                                    <a   href=\"https:\/\/etek.com\/es\/event\/zero-trust-night\/\" >\r\n                                        <img decoding=\"async\" width=\"370\" height=\"270\" src=\"https:\/\/etek.com\/es\/wp-content\/uploads\/2024\/07\/WhatsApp-Image-2024-09-19-at-8.24.54-AM-370x270.jpeg\" class=\"attachment-swp_eventpress_370x270 size-swp_eventpress_370x270 wp-post-image\" alt=\"\" \/>                                    <\/a>\r\n                                <\/div>\r\n                            <\/div>\r\n                            <div class=\"swp-col-lg-4 swp-align-self-center\">\r\n                                <div class=\"content-box\">\r\n                                                                                                        <\/div>\r\n                            <\/div>\r\n                        <\/div>\r\n                    <\/div>\r\n                                    <div class=\"swp-single-inner style-9\">\r\n                        <div class=\"swp-row\">\r\n                            <div class=\"swp-col-lg-4 swp-align-self-center\">\r\n                                <div class=\"content-box\">\r\n                                    <ul class=\"swp-meta-inner\">\r\n                                                                                <li><i class=\"fa fa-calendar-alt\"><\/i> 19 Dec 2023<\/li>\r\n                                    <\/ul>\r\n                                    <h5 class=\"inner-title swp-mt-15 swp-mb-10\">\r\n                                        <a   href=\"https:\/\/www.linkedin.com\/feed\/update\/urn:li:activity:7140802892998815744\" >\r\n                                            Annual Information Security Summit 2023                                        <\/a>\r\n                                    <\/h5>\r\n                                                                            <p>We&#039;re thrilled to announce that our CEO, Praveen Sengar, will be a speaker at the prestigious Annual Information Security Summit 2023!<\/p>\r\n                                                                    <\/div>\r\n                            <\/div>\r\n                            <div class=\"swp-col-lg-4\">\r\n                                <div class=\"icon-img\">\r\n                                    <a   href=\"https:\/\/www.linkedin.com\/feed\/update\/urn:li:activity:7140802892998815744\" >\r\n                                        <img decoding=\"async\" width=\"370\" height=\"270\" src=\"https:\/\/etek.com\/es\/wp-content\/uploads\/2023\/11\/Capture-370x270.jpg\" class=\"attachment-swp_eventpress_370x270 size-swp_eventpress_370x270 wp-post-image\" alt=\"\" \/>                                    <\/a>\r\n                                <\/div>\r\n                            <\/div>\r\n                            <div class=\"swp-col-lg-4 swp-align-self-center\">\r\n                                <div class=\"content-box\">\r\n                                                                            <ul class=\"swp-single-list-inner\">\r\n                                                                                            <li><i class=\"\"><\/i>Event Location: Leela Ambiance, Gurugram<\/li>\r\n                                                                                            <li><i class=\"\"><\/i>Dates: December 19-21<\/li>\r\n                                                                                    <\/ul>\r\n                                                                                                        <\/div>\r\n                            <\/div>\r\n                        <\/div>\r\n                    <\/div>\r\n                                                    <\/div>\r\n    <\/section>\r\n    <!-- Event Card 9 -->\r\n\t\t<\/div>\n\t\t\t\t<\/div>\n\t\t\t\t\t<\/div>\n\t\t\t\t<\/div>\n\t\t\t\t<\/div>\n\t\t","protected":false},"excerpt":{"rendered":"<p>Home &gt; Events Eventos ETEK EVENTS Latest happeninngs 19 Dec 2023 Annual Information Security Summit 2023 We&#039;re thrilled to announce that our CEO, Praveen Sengar, will be a speaker at the prestigious Annual Information Security Summit 2023! Event Location: Leela Ambiance, Gurugram Dates: December 19-21<\/p>\n","protected":false},"author":1,"featured_media":0,"parent":0,"menu_order":0,"comment_status":"closed","ping_status":"closed","template":"","meta":{"footnotes":""},"_links":{"self":[{"href":"https:\/\/etek.com\/es\/wp-json\/wp\/v2\/pages\/912"}],"collection":[{"href":"https:\/\/etek.com\/es\/wp-json\/wp\/v2\/pages"}],"about":[{"href":"https:\/\/etek.com\/es\/wp-json\/wp\/v2\/types\/page"}],"author":[{"embeddable":true,"href":"https:\/\/etek.com\/es\/wp-json\/wp\/v2\/users\/1"}],"replies":[{"embeddable":true,"href":"https:\/\/etek.com\/es\/wp-json\/wp\/v2\/comments?post=912"}],"version-history":[{"count":4,"href":"https:\/\/etek.com\/es\/wp-json\/wp\/v2\/pages\/912\/revisions"}],"predecessor-version":[{"id":8223,"href":"https:\/\/etek.com\/es\/wp-json\/wp\/v2\/pages\/912\/revisions\/8223"}],"wp:attachment":[{"href":"https:\/\/etek.com\/es\/wp-json\/wp\/v2\/media?parent=912"}],"curies":[{"name":"wp","href":"https:\/\/api.w.org\/{rel}","templated":true}]}}