{"id":804,"date":"2023-11-20T08:36:14","date_gmt":"2023-11-20T08:36:14","guid":{"rendered":"https:\/\/www.etek.com\/?page_id=804"},"modified":"2025-12-05T22:56:46","modified_gmt":"2025-12-05T22:56:46","slug":"contact-us","status":"publish","type":"page","link":"https:\/\/etek.com\/es\/contact-us\/","title":{"rendered":"Contact Us"},"content":{"rendered":"\t\t<div data-elementor-type=\"wp-page\" data-elementor-id=\"804\" class=\"elementor elementor-804\" data-elementor-post-type=\"page\">\n\t\t\t\t<div class=\"elementor-element elementor-element-070bd61 e-con-full e-flex e-con e-parent\" data-id=\"070bd61\" data-element_type=\"container\" data-core-v316-plus=\"true\">\n\t\t<div class=\"elementor-element elementor-element-b0c3291 e-flex e-con-boxed e-con e-child\" data-id=\"b0c3291\" data-element_type=\"container\" data-settings=\"{&quot;background_background&quot;:&quot;classic&quot;}\">\n\t\t\t\t\t<div class=\"e-con-inner\">\n\t\t\t\t<div class=\"elementor-element elementor-element-8212f61 elementor-widget elementor-widget-text-editor\" data-id=\"8212f61\" data-element_type=\"widget\" data-widget_type=\"text-editor.default\">\n\t\t\t\t<div class=\"elementor-widget-container\">\n\t\t\t<style>\/*! elementor - v3.20.0 - 13-03-2024 *\/\n.elementor-widget-text-editor.elementor-drop-cap-view-stacked .elementor-drop-cap{background-color:#69727d;color:#fff}.elementor-widget-text-editor.elementor-drop-cap-view-framed .elementor-drop-cap{color:#69727d;border:3px solid;background-color:transparent}.elementor-widget-text-editor:not(.elementor-drop-cap-view-default) .elementor-drop-cap{margin-top:8px}.elementor-widget-text-editor:not(.elementor-drop-cap-view-default) .elementor-drop-cap-letter{width:1em;height:1em}.elementor-widget-text-editor .elementor-drop-cap{float:left;text-align:center;line-height:1;font-size:50px}.elementor-widget-text-editor .elementor-drop-cap-letter{display:inline-block}<\/style>\t\t\t\t<p>Home &gt; <strong>Contact Us<\/strong><\/p>\t\t\t\t\t\t<\/div>\n\t\t\t\t<\/div>\n\t\t\t\t<div class=\"elementor-element elementor-element-dfcf73d elementor-widget elementor-widget-heading\" data-id=\"dfcf73d\" data-element_type=\"widget\" data-widget_type=\"heading.default\">\n\t\t\t\t<div class=\"elementor-widget-container\">\n\t\t\t<style>\/*! elementor - v3.20.0 - 13-03-2024 *\/\n.elementor-heading-title{padding:0;margin:0;line-height:1}.elementor-widget-heading .elementor-heading-title[class*=elementor-size-]>a{color:inherit;font-size:inherit;line-height:inherit}.elementor-widget-heading .elementor-heading-title.elementor-size-small{font-size:15px}.elementor-widget-heading .elementor-heading-title.elementor-size-medium{font-size:19px}.elementor-widget-heading .elementor-heading-title.elementor-size-large{font-size:29px}.elementor-widget-heading .elementor-heading-title.elementor-size-xl{font-size:39px}.elementor-widget-heading .elementor-heading-title.elementor-size-xxl{font-size:59px}<\/style><h2 class=\"elementor-heading-title elementor-size-default\">Contacta con nosotrOs<\/h2>\t\t<\/div>\n\t\t\t\t<\/div>\n\t\t\t\t\t<\/div>\n\t\t\t\t<\/div>\n\t\t\t\t<\/div>\n\t\t<div class=\"elementor-element elementor-element-9896221 e-flex e-con-boxed e-con e-parent\" data-id=\"9896221\" data-element_type=\"container\" data-core-v316-plus=\"true\">\n\t\t\t\t\t<div class=\"e-con-inner\">\n\t\t<div class=\"elementor-element elementor-element-2500f47 e-con-full e-flex e-con e-child\" data-id=\"2500f47\" data-element_type=\"container\">\n\t\t\t\t<div class=\"elementor-element elementor-element-ecb1c43 elementor-widget elementor-widget-text-editor\" data-id=\"ecb1c43\" data-element_type=\"widget\" data-widget_type=\"text-editor.default\">\n\t\t\t\t<div class=\"elementor-widget-container\">\n\t\t\t\t\t\t\t<h3 style=\"text-align: left;\"><strong><span style=\"color: #000000;\">\nNuestras Ubicaciones<\/span><\/strong><\/h3>\n<p style=\"text-align: left;\"><span style=\"color: #000000;\">\nNuestras oficinas est\u00e1n ubicadas en todo el mundo.<\/span><\/p>\t\t\t\t\t\t<\/div>\n\t\t\t\t<\/div>\n\t\t\t\t<div class=\"elementor-element elementor-element-c348cbf ourlocations elementor-widget elementor-widget-elementskit-accordion\" data-id=\"c348cbf\" data-element_type=\"widget\" data-widget_type=\"elementskit-accordion.default\">\n\t\t\t\t<div class=\"elementor-widget-container\">\n\t\t\t<div class=\"ekit-wid-con\" >\n        <div class=\"elementskit-accordion accoedion-primary\" id=\"accordion-69e6ecc5b9bf8\">\n\n            \n                <div class=\"elementskit-card active\">\n                    <div class=\"elementskit-card-header\" id=\"primaryHeading-0-c348cbf\">\n                        <a href=\"#collapse-281e6fb69e6ecc5b9bf8\" class=\"ekit-accordion--toggler elementskit-btn-link collapsed\" data-ekit-toggle=\"collapse\" data-target=\"#Collapse-281e6fb69e6ecc5b9bf8\" aria-expanded=\"true\" aria-controls=\"Collapse-281e6fb69e6ecc5b9bf8\">\n                            \n                            <span class=\"ekit-accordion-title\">USA<\/span>\n\n                            \n                                <div class=\"ekit_accordion_icon_group\">\n                                    <div class=\"ekit_accordion_normal_icon\">\n                                        <!-- Normal Icon -->\n                                        <i aria-hidden=\"true\" class=\"icon-open icon-right icon icon-down-arrow1\"><\/i>                                    <\/div>\n\n                                    <div class=\"ekit_accordion_active_icon\">\n                                        <!-- Active Icon -->\n                                        <i aria-hidden=\"true\" class=\"icon-closed icon-right icon icon-up-arrow\"><\/i>                                    <\/div>\n\n                                <\/div>\n\n                            \n                                                    <\/a>\n                    <\/div>\n\n                    <div id=\"Collapse-281e6fb69e6ecc5b9bf8\" class=\" show collapse\" aria-labelledby=\"primaryHeading-0-c348cbf\" data-parent=\"#accordion-69e6ecc5b9bf8\">\n\n                        <div class=\"elementskit-card-body ekit-accordion--content\">\n                            <p><img decoding=\"async\" class=\"alignnone size-full wp-image-648\" src=\"https:\/\/www.etek.com\/wp-content\/uploads\/2023\/11\/usa.svg\" alt=\"\" width=\"32\" height=\"22\" \/><\/p><ul><li><ul><li><i class=\"fas fa-map-marker-alt\"><span>144 Menlough DR.Warrenton, VA 20186 US<\/span><\/i><\/li><\/ul><\/li><\/ul><ul><li><ul><li><i class=\"fas fa-phone-square-alt\"><\/i> +1 540-364 2700<\/li><\/ul><\/li><\/ul><ul><li><ul><li><i class=\"far fa-envelope\"><\/i> <a href=\"mailto:info@etek.com\">info@etek.com<\/a><\/li><\/ul><\/li><\/ul><ul><li><i class=\"far fa-clock\"><\/i> Monday to Friday<br \/>8:00 am to 6:00 pm<\/li><\/ul>                        <\/div>\n\n                    <\/div>\n\n                <\/div><!-- .elementskit-card END -->\n\n                \n                <div class=\"elementskit-card \">\n                    <div class=\"elementskit-card-header\" id=\"primaryHeading-1-c348cbf\">\n                        <a href=\"#collapse-a2f33a769e6ecc5b9bf8\" class=\"ekit-accordion--toggler elementskit-btn-link collapsed\" data-ekit-toggle=\"collapse\" data-target=\"#Collapse-a2f33a769e6ecc5b9bf8\" aria-expanded=\"false\" aria-controls=\"Collapse-a2f33a769e6ecc5b9bf8\">\n                            \n                            <span class=\"ekit-accordion-title\">India<\/span>\n\n                            \n                                <div class=\"ekit_accordion_icon_group\">\n                                    <div class=\"ekit_accordion_normal_icon\">\n                                        <!-- Normal Icon -->\n                                        <i aria-hidden=\"true\" class=\"icon-open icon-right icon icon-down-arrow1\"><\/i>                                    <\/div>\n\n                                    <div class=\"ekit_accordion_active_icon\">\n                                        <!-- Active Icon -->\n                                        <i aria-hidden=\"true\" class=\"icon-closed icon-right icon icon-up-arrow\"><\/i>                                    <\/div>\n\n                                <\/div>\n\n                            \n                                                    <\/a>\n                    <\/div>\n\n                    <div id=\"Collapse-a2f33a769e6ecc5b9bf8\" class=\" collapse\" aria-labelledby=\"primaryHeading-1-c348cbf\" data-parent=\"#accordion-69e6ecc5b9bf8\">\n\n                        <div class=\"elementskit-card-body ekit-accordion--content\">\n                            <p><img decoding=\"async\" class=\"alignnone size-full wp-image-649\" src=\"https:\/\/www.etek.com\/wp-content\/uploads\/2023\/11\/india.svg\" alt=\"\" width=\"33\" height=\"22\" \/><\/p><ul><li><ul><li><i class=\"fas fa-map-marker-alt\"><span>Flat No. E 302, K D P Grand Savanna, Raj Nagar Extensi\u00f3n, Ghaziabad, Ghaziabad, Uttar Pradesh, 201017<\/span><\/i><\/li><\/ul><\/li><\/ul><ul><li><ul><li><i class=\"fas fa-phone-square-alt\"><\/i> +91-1203117857<\/li><\/ul><\/li><\/ul><ul><li><ul><li><i class=\"far fa-envelope\"><\/i> <a href=\"mailto:info@etek.com\">info@etek.com<\/a><\/li><\/ul><\/li><\/ul><ul><li><i class=\"far fa-clock\"><\/i> Monday to Friday<br \/>8:00 am to 6:00 pm<\/li><\/ul>                        <\/div>\n\n                    <\/div>\n\n                <\/div><!-- .elementskit-card END -->\n\n                \n                <div class=\"elementskit-card \">\n                    <div class=\"elementskit-card-header\" id=\"primaryHeading-2-c348cbf\">\n                        <a href=\"#collapse-fe1c8ee69e6ecc5b9bf8\" class=\"ekit-accordion--toggler elementskit-btn-link collapsed\" data-ekit-toggle=\"collapse\" data-target=\"#Collapse-fe1c8ee69e6ecc5b9bf8\" aria-expanded=\"false\" aria-controls=\"Collapse-fe1c8ee69e6ecc5b9bf8\">\n                            \n                            <span class=\"ekit-accordion-title\">Colombia<\/span>\n\n                            \n                                <div class=\"ekit_accordion_icon_group\">\n                                    <div class=\"ekit_accordion_normal_icon\">\n                                        <!-- Normal Icon -->\n                                        <i aria-hidden=\"true\" class=\"icon-open icon-right icon icon-down-arrow1\"><\/i>                                    <\/div>\n\n                                    <div class=\"ekit_accordion_active_icon\">\n                                        <!-- Active Icon -->\n                                        <i aria-hidden=\"true\" class=\"icon-closed icon-right icon icon-up-arrow\"><\/i>                                    <\/div>\n\n                                <\/div>\n\n                            \n                                                    <\/a>\n                    <\/div>\n\n                    <div id=\"Collapse-fe1c8ee69e6ecc5b9bf8\" class=\" collapse\" aria-labelledby=\"primaryHeading-2-c348cbf\" data-parent=\"#accordion-69e6ecc5b9bf8\">\n\n                        <div class=\"elementskit-card-body ekit-accordion--content\">\n                            <p><img decoding=\"async\" class=\"alignnone size-full wp-image-645\" src=\"https:\/\/www.etek.com\/wp-content\/uploads\/2023\/11\/columbia.svg\" alt=\"\" width=\"32\" height=\"22\" \/><\/p><ul><li><ul><li><i class=\"fas fa-map-marker-alt\"><\/i> Cra 13 # 93 B -51 Piso 2 Bogot\u00e1, Colombia<\/li><\/ul><\/li><\/ul><ul><li><ul><li><i class=\"fas fa-phone-square-alt\"><\/i> +57 (1) 2571520<\/li><\/ul><\/li><\/ul><ul><li><ul><li><i class=\"far fa-envelope\"><\/i> <a href=\"mailto:info@etek.com\">info@etek.com<\/a><\/li><\/ul><\/li><\/ul><ul><li><i class=\"far fa-clock\"><\/i> Monday to Friday<br \/>8:00 am to 6:00 pm<\/li><\/ul>                        <\/div>\n\n                    <\/div>\n\n                <\/div><!-- .elementskit-card END -->\n\n                \n                <div class=\"elementskit-card \">\n                    <div class=\"elementskit-card-header\" id=\"primaryHeading-3-c348cbf\">\n                        <a href=\"#collapse-929a5b369e6ecc5b9bf8\" class=\"ekit-accordion--toggler elementskit-btn-link collapsed\" data-ekit-toggle=\"collapse\" data-target=\"#Collapse-929a5b369e6ecc5b9bf8\" aria-expanded=\"false\" aria-controls=\"Collapse-929a5b369e6ecc5b9bf8\">\n                            \n                            <span class=\"ekit-accordion-title\">Peru<\/span>\n\n                            \n                                <div class=\"ekit_accordion_icon_group\">\n                                    <div class=\"ekit_accordion_normal_icon\">\n                                        <!-- Normal Icon -->\n                                        <i aria-hidden=\"true\" class=\"icon-open icon-right icon icon-down-arrow1\"><\/i>                                    <\/div>\n\n                                    <div class=\"ekit_accordion_active_icon\">\n                                        <!-- Active Icon -->\n                                        <i aria-hidden=\"true\" class=\"icon-closed icon-right icon icon-up-arrow\"><\/i>                                    <\/div>\n\n                                <\/div>\n\n                            \n                                                    <\/a>\n                    <\/div>\n\n                    <div id=\"Collapse-929a5b369e6ecc5b9bf8\" class=\" collapse\" aria-labelledby=\"primaryHeading-3-c348cbf\" data-parent=\"#accordion-69e6ecc5b9bf8\">\n\n                        <div class=\"elementskit-card-body ekit-accordion--content\">\n                            <p><img loading=\"lazy\" decoding=\"async\" class=\"alignnone size-full wp-image-646\" src=\"https:\/\/www.etek.com\/wp-content\/uploads\/2023\/11\/peru.svg\" alt=\"\" width=\"31\" height=\"22\" \/><\/p><ul><li><ul><li><i class=\"fas fa-map-marker-alt\"><span> Calle Camino Real 1121, oficina 711, San Isidro, Lima 27, Per\u00fa<\/span><\/i><\/li><\/ul><\/li><\/ul><ul><li><ul><li><i class=\"fas fa-phone-square-alt\"><\/i> +51 (1) 6124343<\/li><\/ul><\/li><\/ul><ul><li><ul><li><i class=\"far fa-envelope\"><\/i> <a href=\"mailto:info@etek.com\">info@etek.com<\/a><\/li><\/ul><\/li><\/ul><ul><li><i class=\"far fa-clock\"><\/i> Monday to Friday<br \/>8:00 am to 6:00 pm<\/li><\/ul>                        <\/div>\n\n                    <\/div>\n\n                <\/div><!-- .elementskit-card END -->\n\n                \n                <div class=\"elementskit-card \">\n                    <div class=\"elementskit-card-header\" id=\"primaryHeading-4-c348cbf\">\n                        <a href=\"#collapse-beb3e6269e6ecc5b9bf8\" class=\"ekit-accordion--toggler elementskit-btn-link collapsed\" data-ekit-toggle=\"collapse\" data-target=\"#Collapse-beb3e6269e6ecc5b9bf8\" aria-expanded=\"false\" aria-controls=\"Collapse-beb3e6269e6ecc5b9bf8\">\n                            \n                            <span class=\"ekit-accordion-title\">Mexico<\/span>\n\n                            \n                                <div class=\"ekit_accordion_icon_group\">\n                                    <div class=\"ekit_accordion_normal_icon\">\n                                        <!-- Normal Icon -->\n                                        <i aria-hidden=\"true\" class=\"icon-open icon-right icon icon-down-arrow1\"><\/i>                                    <\/div>\n\n                                    <div class=\"ekit_accordion_active_icon\">\n                                        <!-- Active Icon -->\n                                        <i aria-hidden=\"true\" class=\"icon-closed icon-right icon icon-up-arrow\"><\/i>                                    <\/div>\n\n                                <\/div>\n\n                            \n                                                    <\/a>\n                    <\/div>\n\n                    <div id=\"Collapse-beb3e6269e6ecc5b9bf8\" class=\" collapse\" aria-labelledby=\"primaryHeading-4-c348cbf\" data-parent=\"#accordion-69e6ecc5b9bf8\">\n\n                        <div class=\"elementskit-card-body ekit-accordion--content\">\n                            <p><img loading=\"lazy\" decoding=\"async\" class=\"alignnone size-full wp-image-647\" src=\"https:\/\/www.etek.com\/wp-content\/uploads\/2023\/11\/mexico.svg\" alt=\"\" width=\"33\" height=\"22\" \/><\/p><ul><li><ul><li><i class=\"fas fa-map-marker-alt\"><span>INSURGENTES SUR 1666 Florida \u00c1lvaro Obreg\u00f3n Ciudad de M\u00e9xico<br \/>M\u00e9xico 01030<\/span><\/i><\/li><\/ul><\/li><\/ul><ul><li>\u00a0<\/li><\/ul><ul><li><ul><li><i class=\"far fa-envelope\"><\/i> <a href=\"mailto:info@etek.com\">info@etek.com<\/a><\/li><\/ul><\/li><\/ul><ul><li><i class=\"far fa-clock\"><\/i> Monday to Friday<br \/>8:00 am to 6:00 pm<\/li><\/ul>                        <\/div>\n\n                    <\/div>\n\n                <\/div><!-- .elementskit-card END -->\n\n                        <\/div>\n    <\/div>\t\t<\/div>\n\t\t\t\t<\/div>\n\t\t\t\t<\/div>\n\t\t<div class=\"elementor-element elementor-element-fc47608 e-con-full e-flex e-con e-child\" data-id=\"fc47608\" data-element_type=\"container\">\n\t\t\t\t<div class=\"elementor-element elementor-element-01ee665 elementor-widget elementor-widget-text-editor\" data-id=\"01ee665\" data-element_type=\"widget\" data-widget_type=\"text-editor.default\">\n\t\t\t\t<div class=\"elementor-widget-container\">\n\t\t\t\t\t\t\t<h3 style=\"text-align: left;\"><strong><span style=\"color: #000000;\"><a href=\"_wp_link_placeholder\" data-wplink-edit=\"true\">M\u00e1ndanos<\/a> un mensaje<\/span><\/strong><\/h3>\t\t\t\t\t\t<\/div>\n\t\t\t\t<\/div>\n\t\t\t\t<div class=\"elementor-element elementor-element-9610101 elementor-widget elementor-widget-text-editor\" data-id=\"9610101\" data-element_type=\"widget\" data-widget_type=\"text-editor.default\">\n\t\t\t\t<div class=\"elementor-widget-container\">\n\t\t\t\t\t\t\t<p><script charset=\"utf-8\" type=\"text\/javascript\" src=\"\/\/js.hsforms.net\/forms\/embed\/v2.js\"><\/script><br \/><script>\n  hbspt.forms.create({\n    region: \"na1\",\n    portalId: \"8010931\",\n    formId: \"b53c5dad-14c4-4c7d-b18a-354877a5ff0f\"\n  });\n<\/script><\/p>\t\t\t\t\t\t<\/div>\n\t\t\t\t<\/div>\n\t\t\t\t<\/div>\n\t\t\t\t\t<\/div>\n\t\t\t\t<\/div>\n\t\t<div class=\"elementor-element elementor-element-8935dad e-flex e-con-boxed e-con e-parent\" data-id=\"8935dad\" data-element_type=\"container\" data-core-v316-plus=\"true\">\n\t\t\t\t\t<div class=\"e-con-inner\">\n\t\t\t\t\t<\/div>\n\t\t\t\t<\/div>\n\t\t\t\t<\/div>\n\t\t","protected":false},"excerpt":{"rendered":"<p>Home &gt; Contact Us Contacta con nosotrOs Nuestras Ubicaciones Nuestras oficinas est\u00e1n ubicadas en todo el mundo. USA 144 Menlough DR.Warrenton, VA 20186 US +1 540-364 2700 info@etek.com Monday to Friday8:00 am to 6:00 pm India Flat No. E 302, K D P Grand Savanna, Raj Nagar Extensi\u00f3n, Ghaziabad, Ghaziabad, Uttar Pradesh, 201017 +91-1203117857 info@etek.com [&hellip;]<\/p>\n","protected":false},"author":1,"featured_media":0,"parent":0,"menu_order":0,"comment_status":"closed","ping_status":"closed","template":"","meta":{"footnotes":""},"_links":{"self":[{"href":"https:\/\/etek.com\/es\/wp-json\/wp\/v2\/pages\/804"}],"collection":[{"href":"https:\/\/etek.com\/es\/wp-json\/wp\/v2\/pages"}],"about":[{"href":"https:\/\/etek.com\/es\/wp-json\/wp\/v2\/types\/page"}],"author":[{"embeddable":true,"href":"https:\/\/etek.com\/es\/wp-json\/wp\/v2\/users\/1"}],"replies":[{"embeddable":true,"href":"https:\/\/etek.com\/es\/wp-json\/wp\/v2\/comments?post=804"}],"version-history":[{"count":21,"href":"https:\/\/etek.com\/es\/wp-json\/wp\/v2\/pages\/804\/revisions"}],"predecessor-version":[{"id":8525,"href":"https:\/\/etek.com\/es\/wp-json\/wp\/v2\/pages\/804\/revisions\/8525"}],"wp:attachment":[{"href":"https:\/\/etek.com\/es\/wp-json\/wp\/v2\/media?parent=804"}],"curies":[{"name":"wp","href":"https:\/\/api.w.org\/{rel}","templated":true}]}}