{"id":7162,"date":"2021-04-21T10:08:30","date_gmt":"2021-04-21T10:08:30","guid":{"rendered":"http:\/\/groupgfr.com\/etek\/?page_id=3"},"modified":"2024-06-17T14:51:19","modified_gmt":"2024-06-17T14:51:19","slug":"terminos-condiciones","status":"publish","type":"page","link":"https:\/\/etek.com\/es\/terminos-condiciones\/","title":{"rendered":"T\u00e9rminos, pol\u00edticas y condiciones"},"content":{"rendered":"\t\t<div data-elementor-type=\"wp-page\" data-elementor-id=\"7162\" class=\"elementor elementor-7162\" data-elementor-post-type=\"page\">\n\t\t\t\t<div class=\"elementor-element elementor-element-1868487b e-flex e-con-boxed e-con e-parent\" data-id=\"1868487b\" data-element_type=\"container\" data-core-v316-plus=\"true\">\n\t\t\t\t\t<div class=\"e-con-inner\">\n\t\t\t\t<div class=\"elementor-element elementor-element-725baebe elementor-widget elementor-widget-text-editor\" data-id=\"725baebe\" data-element_type=\"widget\" data-widget_type=\"text-editor.default\">\n\t\t\t\t<div class=\"elementor-widget-container\">\n\t\t\t<style>\/*! elementor - v3.20.0 - 13-03-2024 *\/\n.elementor-widget-text-editor.elementor-drop-cap-view-stacked .elementor-drop-cap{background-color:#69727d;color:#fff}.elementor-widget-text-editor.elementor-drop-cap-view-framed .elementor-drop-cap{color:#69727d;border:3px solid;background-color:transparent}.elementor-widget-text-editor:not(.elementor-drop-cap-view-default) .elementor-drop-cap{margin-top:8px}.elementor-widget-text-editor:not(.elementor-drop-cap-view-default) .elementor-drop-cap-letter{width:1em;height:1em}.elementor-widget-text-editor .elementor-drop-cap{float:left;text-align:center;line-height:1;font-size:50px}.elementor-widget-text-editor .elementor-drop-cap-letter{display:inline-block}<\/style>\t\t\t\t<p><!-- wp:heading --><\/p>\n<h2><p style=\"language:es-CO;line-height:normal;margin-top:0pt;margin-bottom:0pt;\nmargin-right:0in;text-align:justify;text-justify:inter-ideograph;direction:\nltr;unicode-bidi:embed;tab-stops:center 220.95pt right 441.9pt\"><span style=\"font-size: 12pt; font-family: &quot;Calibri Light&quot;; font-variant-numeric: normal; font-variant-east-asian: normal; font-variant-alternates: normal; font-variant-position: normal; color: rgb(0, 32, 96);\">Con el objeto de dar cumplimiento\na su misi\u00f3n de proveer servicios de ciberseguridad y las necesidades en\nseguridad de la informaci\u00f3n para apoyar el desarrollo y el sostenimiento del\nnegocio de nuestros clientes a trav\u00e9s de la excelencia en el servicio, ETEK\nInternational ha definido como pol<\/span><span style=\"font-size: 12pt; font-family: &quot;Calibri Light&quot;; font-variant-numeric: normal; font-variant-east-asian: normal; font-variant-alternates: normal; font-variant-position: normal; color: rgb(0, 32, 96);\">\u00edtica integrada de gesti\u00f3n y se compromete a:<\/span><\/p>\n\n<p style=\"language:es-CO;line-height:normal;margin-top:0pt;margin-bottom:0pt;\nmargin-right:0in;text-align:justify;text-justify:inter-ideograph;direction:\nltr;unicode-bidi:embed;tab-stops:center 220.95pt right 441.9pt\"><\/p>\n\n<div style=\"language:es-CO;line-height:normal;margin-top:0pt;\nmargin-bottom:0pt;margin-left:.2in;margin-right:0in;text-indent:-.2in;\ntext-align:justify;text-justify:inter-ideograph;direction:ltr;unicode-bidi:\nembed;tab-stops:left 28.38pt\"><span style=\"font-size: 12pt; font-family: &quot;Calibri Light&quot;; font-variant-numeric: normal; font-variant-east-asian: normal; font-variant-alternates: normal; font-variant-position: normal; color: rgb(0, 32, 96);\">*Mantener la satisfacci\u00f3n de\nnuestros clientes a trav\u00e9s del cumplimiento de los compromisos adquiridos,\napoyados en la experiencia y conocimiento de nuestro recurso humano y la\ncalidad de los servicios y soluciones ofrecido(a)s.<\/span><\/div>\n\n<div style=\"language:es-CO;line-height:normal;margin-top:0pt;\nmargin-bottom:0pt;margin-left:.2in;margin-right:0in;text-indent:-.2in;\ntext-align:justify;text-justify:inter-ideograph;direction:ltr;unicode-bidi:\nembed;tab-stops:left 28.38pt\"><span style=\"font-size: 12pt; font-family: &quot;Calibri Light&quot;; font-variant-numeric: normal; font-variant-east-asian: normal; font-variant-alternates: normal; font-variant-position: normal; color: rgb(0, 32, 96);\">*Preservar la confidencialidad,\nintegridad, disponibilidad y privacidad de los activos de informaci\u00f3n de la\norganizaci\u00f3n y de nuestros clientes.<\/span><\/div>\n\n<div style=\"language:es-CO;line-height:normal;margin-top:0pt;\nmargin-bottom:0pt;margin-left:.2in;margin-right:0in;text-indent:-.2in;\ntext-align:justify;text-justify:inter-ideograph;direction:ltr;unicode-bidi:\nembed;tab-stops:left 28.38pt\"><span style=\"font-size: 12pt; font-family: &quot;Calibri Light&quot;; font-variant-numeric: normal; font-variant-east-asian: normal; font-variant-alternates: normal; font-variant-position: normal; color: rgb(0, 32, 96);\">*Definir los criterios para la\naceptaci\u00f3n de riesgos y los niveles de riesgo aceptables.<\/span><\/div>\n\n<div style=\"language:es-CO;line-height:normal;margin-top:0pt;\nmargin-bottom:0pt;margin-left:.2in;margin-right:0in;text-indent:-.2in;\ntext-align:justify;text-justify:inter-ideograph;direction:ltr;unicode-bidi:\nembed;tab-stops:left 28.38pt\"><span style=\"font-size: 12pt; font-family: &quot;Calibri Light&quot;; font-variant-numeric: normal; font-variant-east-asian: normal; font-variant-alternates: normal; font-variant-position: normal; color: rgb(0, 32, 96);\">*Apoyar a nuestros colaboradores\nen su crecimiento personal y desarrollo profesional.<\/span><\/div>\n\n<div style=\"language:es-CO;line-height:normal;margin-top:0pt;\nmargin-bottom:0pt;margin-left:.2in;margin-right:0in;text-indent:-.2in;\ntext-align:justify;text-justify:inter-ideograph;direction:ltr;unicode-bidi:\nembed;tab-stops:left 28.38pt\"><span style=\"font-size: 12pt; font-family: &quot;Calibri Light&quot;; font-variant-numeric: normal; font-variant-east-asian: normal; font-variant-alternates: normal; font-variant-position: normal; color: rgb(0, 32, 96);\">*Cumplir con las normas de\nseguridad y salud en el trabajo que ayuden a evitar accidentes de trabajo y\nenfermedades profesionales.<\/span><\/div>\n\n<div style=\"language:es-CO;line-height:normal;margin-top:0pt;\nmargin-bottom:0pt;margin-left:.2in;margin-right:0in;text-indent:-.2in;\ntext-align:justify;text-justify:inter-ideograph;direction:ltr;unicode-bidi:\nembed;tab-stops:left 28.38pt\"><span style=\"font-size: 12pt; font-family: &quot;Calibri Light&quot;; font-variant-numeric: normal; font-variant-east-asian: normal; font-variant-alternates: normal; font-variant-position: normal; color: rgb(0, 32, 96);\">*Cumplir con la normatividad legal\nvigente aplicable y otros requisitos contractuales que suscriba la organizaci\u00f3n\ncon terceras partes.<\/span><\/div>\n\n<div style=\"language:es-CO;line-height:normal;margin-top:0pt;\nmargin-bottom:0pt;margin-left:.2in;margin-right:0in;text-indent:-.2in;\ntext-align:justify;text-justify:inter-ideograph;direction:ltr;unicode-bidi:\nembed;tab-stops:left 28.38pt\"><span style=\"font-size: 12pt; font-family: &quot;Calibri Light&quot;; font-variant-numeric: normal; font-variant-east-asian: normal; font-variant-alternates: normal; font-variant-position: normal; color: rgb(0, 32, 96);\">*Lograr rentabilidad para nuestros\naccionistas.<\/span><\/div>\n\n<div style=\"language:es-CO;line-height:normal;margin-top:0pt;\nmargin-bottom:0pt;margin-left:.2in;margin-right:0in;text-indent:-.2in;\ntext-align:justify;text-justify:inter-ideograph;direction:ltr;unicode-bidi:\nembed;tab-stops:left 28.38pt\"><span style=\"font-size: 12pt; font-family: &quot;Calibri Light&quot;; font-variant-numeric: normal; font-variant-east-asian: normal; font-variant-alternates: normal; font-variant-position: normal; color: rgb(0, 32, 96);\">*Mantener la mejora continua y el\ndesempe\u00f1o esperado en todos los procesos de la organizaci\u00f3n. <\/span><\/div>\n\n<p style=\"language:es-CO;line-height:normal;margin-top:0pt;margin-bottom:0pt;\nmargin-right:0in;text-align:justify;text-justify:inter-ideograph;direction:\nltr;unicode-bidi:embed;tab-stops:center 220.95pt right 441.9pt\"><span style=\"font-size: 12pt; font-family: &quot;Calibri Light&quot;; font-variant-numeric: normal; font-variant-east-asian: normal; font-variant-alternates: normal; font-variant-position: normal; color: rgb(0, 32, 96);\">&nbsp;<\/span><\/p>\n\n<p style=\"language:es-CO;line-height:normal;margin-top:0pt;margin-bottom:0pt;\nmargin-right:0in;text-align:justify;text-justify:inter-ideograph;direction:\nltr;unicode-bidi:embed;tab-stops:center 220.95pt right 441.9pt\"><span style=\"font-size: 12pt; font-family: &quot;Calibri Light&quot;; font-variant-numeric: normal; font-variant-east-asian: normal; font-variant-alternates: normal; font-variant-position: normal; color: rgb(0, 32, 96);\">Todo esto como parte de una\nestrategia orientada al buen gobierno, la debida diligencia, la gesti\u00f3n de\nriesgos y la consolidaci\u00f3n de una cultura organizacional con base en buenas\npr\u00e1cticas.<\/span><\/p><\/h2>\n<p><!-- \/wp:paragraph --><\/p>\t\t\t\t\t\t<\/div>\n\t\t\t\t<\/div>\n\t\t\t\t\t<\/div>\n\t\t\t\t<\/div>\n\t\t\t\t<\/div>\n\t\t","protected":false},"excerpt":{"rendered":"<p>Con el objeto de dar cumplimiento a su misi\u00f3n de proveer servicios de ciberseguridad y las necesidades en seguridad de la informaci\u00f3n para apoyar el desarrollo y el sostenimiento del negocio de nuestros clientes a trav\u00e9s de la excelencia en el servicio, ETEK International ha definido como pol\u00edtica integrada de gesti\u00f3n y se compromete a: [&hellip;]<\/p>\n","protected":false},"author":2,"featured_media":0,"parent":0,"menu_order":0,"comment_status":"closed","ping_status":"closed","template":"","meta":{"footnotes":""},"_links":{"self":[{"href":"https:\/\/etek.com\/es\/wp-json\/wp\/v2\/pages\/7162"}],"collection":[{"href":"https:\/\/etek.com\/es\/wp-json\/wp\/v2\/pages"}],"about":[{"href":"https:\/\/etek.com\/es\/wp-json\/wp\/v2\/types\/page"}],"author":[{"embeddable":true,"href":"https:\/\/etek.com\/es\/wp-json\/wp\/v2\/users\/2"}],"replies":[{"embeddable":true,"href":"https:\/\/etek.com\/es\/wp-json\/wp\/v2\/comments?post=7162"}],"version-history":[{"count":7,"href":"https:\/\/etek.com\/es\/wp-json\/wp\/v2\/pages\/7162\/revisions"}],"predecessor-version":[{"id":8213,"href":"https:\/\/etek.com\/es\/wp-json\/wp\/v2\/pages\/7162\/revisions\/8213"}],"wp:attachment":[{"href":"https:\/\/etek.com\/es\/wp-json\/wp\/v2\/media?parent=7162"}],"curies":[{"name":"wp","href":"https:\/\/api.w.org\/{rel}","templated":true}]}}