{"id":3,"date":"2023-10-26T05:12:48","date_gmt":"2023-10-26T05:12:48","guid":{"rendered":"https:\/\/www.etek.com\/?page_id=3"},"modified":"2024-06-17T14:46:38","modified_gmt":"2024-06-17T14:46:38","slug":"politica-proteccion-datos-personales","status":"publish","type":"page","link":"https:\/\/etek.com\/es\/politica-proteccion-datos-personales\/","title":{"rendered":"Pol\u00edtica Protecci\u00f3n de Datos Personales"},"content":{"rendered":"\t\t<div data-elementor-type=\"wp-page\" data-elementor-id=\"3\" class=\"elementor elementor-3\" data-elementor-post-type=\"page\">\n\t\t\t\t<div class=\"elementor-element elementor-element-6a1376ac e-flex e-con-boxed e-con e-parent\" data-id=\"6a1376ac\" data-element_type=\"container\" data-core-v316-plus=\"true\">\n\t\t\t\t\t<div class=\"e-con-inner\">\n\t\t\t\t<div class=\"elementor-element elementor-element-fb4560c elementor-widget elementor-widget-text-editor\" data-id=\"fb4560c\" data-element_type=\"widget\" data-widget_type=\"text-editor.default\">\n\t\t\t\t<div class=\"elementor-widget-container\">\n\t\t\t<style>\/*! elementor - v3.20.0 - 13-03-2024 *\/\n.elementor-widget-text-editor.elementor-drop-cap-view-stacked .elementor-drop-cap{background-color:#69727d;color:#fff}.elementor-widget-text-editor.elementor-drop-cap-view-framed .elementor-drop-cap{color:#69727d;border:3px solid;background-color:transparent}.elementor-widget-text-editor:not(.elementor-drop-cap-view-default) .elementor-drop-cap{margin-top:8px}.elementor-widget-text-editor:not(.elementor-drop-cap-view-default) .elementor-drop-cap-letter{width:1em;height:1em}.elementor-widget-text-editor .elementor-drop-cap{float:left;text-align:center;line-height:1;font-size:50px}.elementor-widget-text-editor .elementor-drop-cap-letter{display:inline-block}<\/style>\t\t\t\t<p><!-- wp:heading --><\/p>\n<p style=\"language: es-CO; line-height: normal; text-align: justify; text-justify: inter-ideograph; direction: ltr; unicode-bidi: embed; tab-stops: left 42.85pt; margin: 6.0pt 0in 0pt 0in;\"><span style=\"font-size: 10pt; font-family: 'Calibri Light'; font-variant-numeric: normal; font-variant-east-asian: normal; font-variant-alternates: normal; font-variant-position: normal; color: #002060;\">ETEK International sucursal Colombia (en adelante ETEK) garantiza la seguridad de toda la informaci\u00f3n tanto de empleados, clientes, proveedores y terceras partes mediante mecanismos de protecci\u00f3n de seguridad de la informaci\u00f3n.<\/span><\/p>\n<p style=\"language: es-CO; line-height: normal; text-align: justify; text-justify: inter-ideograph; direction: ltr; unicode-bidi: embed; tab-stops: left 42.85pt; margin: 6.0pt 0in 0pt 0in;\"><span style=\"font-size: 10pt; font-family: 'Calibri Light'; font-variant-numeric: normal; font-variant-east-asian: normal; font-variant-alternates: normal; font-variant-position: normal; color: #002060;\">Todos los titulares de los datos a los que ETEK de tratamiento tienen derecho en cualquier momento a:<\/span><\/p>\n<div class=\"O0\" style=\"language: es-CO; line-height: normal; text-indent: -.19in; text-align: justify; text-justify: inter-ideograph; direction: ltr; unicode-bidi: embed; tab-stops: left 13.88pt; margin: 6.0pt 0in 0pt .19in;\"><span style=\"font-size: 9.0pt;\">*<\/span><span style=\"font-size: 9pt; font-family: 'Calibri Light'; font-variant-numeric: normal; font-variant-east-asian: normal; font-variant-alternates: normal; font-variant-position: normal; color: #002060;\">Conocer, actualizar y rectificar sus datos personales. Aplica para toda la informaci\u00f3n entregada a la organizaci\u00f3n, propia de la operaci\u00f3n de la compa\u00f1\u00eda.<\/span><\/div>\n<div class=\"O0\" style=\"language: es-CO; line-height: normal; text-indent: -.19in; text-align: justify; text-justify: inter-ideograph; direction: ltr; unicode-bidi: embed; tab-stops: left 13.88pt; margin: 6.0pt 0in 0pt .19in;\"><span style=\"font-size: 9.0pt;\">*<\/span><span style=\"font-size: 9pt; font-family: 'Calibri Light'; font-variant-numeric: normal; font-variant-east-asian: normal; font-variant-alternates: normal; font-variant-position: normal; color: #002060;\">Ser informado, previa solicitud, sobre el manejo que ETEK realice con dicha informaci\u00f3n.<\/span><\/div>\n<div class=\"O0\" style=\"language: es-CO; line-height: normal; text-indent: -.19in; text-align: justify; text-justify: inter-ideograph; direction: ltr; unicode-bidi: embed; tab-stops: left 13.88pt; margin: 6.0pt 0in 0pt .19in;\"><span style=\"font-size: 9.0pt;\">*<\/span><span style=\"font-size: 9pt; font-family: 'Calibri Light'; font-variant-numeric: normal; font-variant-east-asian: normal; font-variant-alternates: normal; font-variant-position: normal; color: #002060;\">Presentar ante la Superintendencia de Industria y Comercio cualquier inconformidad o queja presentada referente al tratamiento de los datos personales.<\/span><\/div>\n<div class=\"O0\" style=\"language: es-CO; line-height: normal; text-indent: -.19in; text-align: justify; text-justify: inter-ideograph; direction: ltr; unicode-bidi: embed; tab-stops: left 13.88pt; margin: 6.0pt 0in 0pt .19in;\"><span style=\"font-size: 9.0pt;\">*<\/span><span style=\"font-size: 9pt; font-family: 'Calibri Light'; font-variant-numeric: normal; font-variant-east-asian: normal; font-variant-alternates: normal; font-variant-position: normal; color: #002060;\">Revocar la autorizaci\u00f3n y\/o solicitar la supresi\u00f3n del dato cuando en el tratamiento no se respeten los principios, derechos y garant\u00edas constitucionales y legales.<\/span><\/div>\n<div class=\"O0\" style=\"language: es-CO; line-height: normal; text-indent: -.19in; text-align: justify; text-justify: inter-ideograph; direction: ltr; unicode-bidi: embed; tab-stops: left 13.88pt; margin: 6.0pt 0in 0pt .19in;\"><span style=\"font-size: 9.0pt;\">*<\/span><span style=\"font-size: 9pt; font-family: 'Calibri Light'; font-variant-numeric: normal; font-variant-east-asian: normal; font-variant-alternates: normal; font-variant-position: normal; color: #002060;\">Acceder en forma gratuita a sus datos personales que hayan sido objeto de tratamiento en ETEK.<\/span><\/div>\n<p style=\"language: es-CO; line-height: normal; text-align: justify; text-justify: inter-ideograph; direction: ltr; unicode-bidi: embed; tab-stops: left 42.85pt; margin: 6.0pt 0in 0pt 0in;\"><span style=\"font-size: 10pt; font-family: 'Calibri Light'; font-variant-numeric: normal; font-variant-east-asian: normal; font-variant-alternates: normal; font-variant-position: normal; color: #002060;\">ETEK se compromete a:<\/span><\/p>\n<div style=\"language: es-CO; line-height: normal; text-indent: -.19in; text-align: justify; text-justify: inter-ideograph; direction: ltr; unicode-bidi: embed; tab-stops: left 13.88pt; margin: 6.0pt 0in 0pt .19in;\"><span style=\"font-size: 9.0pt;\">*<\/span><span style=\"font-size: 9pt; font-family: 'Calibri Light'; font-variant-numeric: normal; font-variant-east-asian: normal; font-variant-alternates: normal; font-variant-position: normal; color: #002060;\">Recolectar, transferir, almacenar, usar, circular, suprimir, compartir y transmitir sus datos personales con fines directamente derivados del objeto social, manteniendo la confidencialidad y el adecuado manejo de esta informaci\u00f3n.<\/span><\/div>\n<div style=\"language: es-CO; line-height: normal; text-indent: -.19in; text-align: justify; text-justify: inter-ideograph; direction: ltr; unicode-bidi: embed; tab-stops: left 13.88pt; margin: 6.0pt 0in 0pt .19in;\"><span style=\"font-size: 9.0pt;\">*<\/span><span style=\"font-size: 9pt; font-family: 'Calibri Light'; font-variant-numeric: normal; font-variant-east-asian: normal; font-variant-alternates: normal; font-variant-position: normal; color: #002060;\">Solicitar autorizaci\u00f3n del manejo de los datos a todos los titulares de la informaci\u00f3n. Ver:<\/span><\/div>\n<div style=\"language: es-CO; line-height: normal; text-indent: -.09in; text-align: justify; text-justify: inter-ideograph; direction: ltr; unicode-bidi: embed; tab-stops: left 21.13pt; margin: 6.0pt 0in 0pt .29in;\"><span style=\"font-size: 9.0pt;\">&#8211;<\/span><span style=\"font-size: 9pt; font-family: 'Calibri Light'; font-variant-numeric: normal; font-variant-east-asian: normal; font-variant-alternates: normal; font-variant-position: normal; color: #002060;\">EDC_PFIN_F_006_Registro de Clientes y Proveedores,<\/span><\/div>\n<div style=\"language: es-CO; line-height: normal; text-indent: -.09in; text-align: justify; text-justify: inter-ideograph; direction: ltr; unicode-bidi: embed; tab-stops: left 21.13pt; margin: 6.0pt 0in 0pt .29in;\"><span style=\"font-size: 9.0pt;\">&#8211;<\/span><span style=\"font-size: 9pt; font-family: 'Calibri Light'; font-variant-numeric: normal; font-variant-east-asian: normal; font-variant-alternates: normal; font-variant-position: normal; color: #002060;\">EDC_PREH_F_022_Autorizaci\u00f3n Verificaci\u00f3n &#8211; Divulgaci\u00f3n Informaci\u00f3n,<\/span><\/div>\n<div style=\"language: es-CO; line-height: normal; text-indent: -.09in; text-align: justify; text-justify: inter-ideograph; direction: ltr; unicode-bidi: embed; tab-stops: left 21.13pt; margin: 6.0pt 0in 0pt .29in;\"><span style=\"font-size: 9.0pt;\">&#8211;<\/span><span style=\"font-size: 9pt; font-family: 'Calibri Light'; font-variant-numeric: normal; font-variant-east-asian: normal; font-variant-alternates: normal; font-variant-position: normal; color: #002060;\">Autorizaci\u00f3n Datos Personales, EDC_PREH_F_025_Tratamiento y Uso de Datos Personales<\/span><\/div>\n<div style=\"language: es-CO; line-height: normal; text-indent: -.19in; text-align: justify; text-justify: inter-ideograph; direction: ltr; unicode-bidi: embed; tab-stops: left 13.88pt; margin: 6.0pt 0in 0pt .19in;\"><span style=\"font-size: 9.0pt;\">&#8211;<\/span><span style=\"font-size: 9pt; font-family: 'Calibri Light'; font-variant-numeric: normal; font-variant-east-asian: normal; font-variant-alternates: normal; font-variant-position: normal; color: #002060;\">Establecer mecanismos que garanticen la integridad, confidencialidad y disponibilidad de todos los datos personales manejados con autorizaci\u00f3n del titular de la informaci\u00f3n.<\/span><\/div>\n<div style=\"language: es-CO; line-height: normal; text-indent: -.19in; text-align: justify; text-justify: inter-ideograph; direction: ltr; unicode-bidi: embed; tab-stops: left 13.88pt; margin: 6.0pt 0in 0pt .19in;\"><span style=\"font-size: 9.0pt;\">&#8211;<\/span><span style=\"font-size: 9pt; font-family: 'Calibri Light'; font-variant-numeric: normal; font-variant-east-asian: normal; font-variant-alternates: normal; font-variant-position: normal; color: #002060;\">Dar respuesta a la solicitud del titular respecto al tratamiento de la informaci\u00f3n.<\/span><\/div>\n<div style=\"language: es-CO; line-height: normal; text-indent: -.19in; text-align: justify; text-justify: inter-ideograph; direction: ltr; unicode-bidi: embed; tab-stops: left 13.88pt; margin: 6.0pt 0in 0pt .19in;\"><span style=\"font-size: 9.0pt;\">&#8211;<\/span><span style=\"font-size: 9pt; font-family: 'Calibri Light'; font-variant-numeric: normal; font-variant-east-asian: normal; font-variant-alternates: normal; font-variant-position: normal; color: #002060;\">Registrar las bases de datos manejadas por ETEK ante las autoridades correspondientes.<\/span><\/div>\n<p style=\"language: en-US; line-height: normal; text-align: justify; text-justify: inter-ideograph; direction: ltr; unicode-bidi: embed; tab-stops: left 42.85pt; margin: 6.0pt 0in 0pt 0in;\">\u00a0<\/p>\n<div style=\"language: es-CO; line-height: normal; text-indent: -.19in; text-align: justify; text-justify: inter-ideograph; direction: ltr; unicode-bidi: embed; tab-stops: left 13.88pt; margin: 6.0pt 0in 0pt .19in;\"><span style=\"font-size: 9.0pt;\">&#8211;<\/span><span style=\"font-size: 9pt; font-family: 'Calibri Light'; font-variant-numeric: normal; font-variant-east-asian: normal; font-variant-alternates: normal; font-variant-position: normal; color: #002060;\">Informar a las autoridades correspondientes sobre cualquier evento grave que no est\u00e9 bajo administraci\u00f3n de la compa\u00f1\u00eda y que comprometa la informaci\u00f3n personal tratada por la organizaci\u00f3n.\u00a0<\/span><\/div>\n<div style=\"language: es-CO; line-height: normal; text-indent: -.19in; text-align: justify; text-justify: inter-ideograph; direction: ltr; unicode-bidi: embed; tab-stops: left 13.88pt; margin: 6.0pt 0in 0pt .19in;\"><span style=\"font-size: 9pt; font-family: 'Calibri Light'; font-variant-numeric: normal; font-variant-east-asian: normal; font-variant-alternates: normal; font-variant-position: normal; color: #002060;\">\u00a0<\/span><\/div>\n<div style=\"language: es-CO; line-height: normal; text-indent: -.19in; text-align: justify; text-justify: inter-ideograph; direction: ltr; unicode-bidi: embed; tab-stops: left 13.88pt; margin: 6.0pt 0in 0pt .19in;\">\n<p>COMUNICACI\u00d3N Y MEDIOS DE ATENCION:\u00a0<\/p>\n<p>\u00a0<\/p>\n<p>Para la atenci\u00f3n de las solicitudes, quejas o reclamos sobre el tratamiento de datos personales, ETEK ha designado al Comit\u00e9 de Protecci\u00f3n de Datos Personales ubicado en la Kra. 13 # 93B &#8211; 51 Chic\u00f3 (Bogot\u00e1) a quien podr\u00e1 dirigirse de Lunes a Viernes (d\u00edas h\u00e1biles) de 08:00 a.m. a 1:00 p.m. y de 2:00 p.m. a 5:00 p.m., al n\u00famero telef\u00f3nico 2571520 \u00f3 al correo electr\u00f3nico datospersonales@etek.com<\/p>\n<\/div>\n<p><!-- \/wp:paragraph --><\/p>\t\t\t\t\t\t<\/div>\n\t\t\t\t<\/div>\n\t\t\t\t\t<\/div>\n\t\t\t\t<\/div>\n\t\t\t\t<\/div>\n\t\t","protected":false},"excerpt":{"rendered":"<p>ETEK International sucursal Colombia (en adelante ETEK) garantiza la seguridad de toda la informaci\u00f3n tanto de empleados, clientes, proveedores y terceras partes mediante mecanismos de protecci\u00f3n de seguridad de la informaci\u00f3n. Todos los titulares de los datos a los que ETEK de tratamiento tienen derecho en cualquier momento a: *Conocer, actualizar y rectificar sus datos [&hellip;]<\/p>\n","protected":false},"author":1,"featured_media":0,"parent":0,"menu_order":0,"comment_status":"closed","ping_status":"closed","template":"","meta":{"footnotes":""},"_links":{"self":[{"href":"https:\/\/etek.com\/es\/wp-json\/wp\/v2\/pages\/3"}],"collection":[{"href":"https:\/\/etek.com\/es\/wp-json\/wp\/v2\/pages"}],"about":[{"href":"https:\/\/etek.com\/es\/wp-json\/wp\/v2\/types\/page"}],"author":[{"embeddable":true,"href":"https:\/\/etek.com\/es\/wp-json\/wp\/v2\/users\/1"}],"replies":[{"embeddable":true,"href":"https:\/\/etek.com\/es\/wp-json\/wp\/v2\/comments?post=3"}],"version-history":[{"count":12,"href":"https:\/\/etek.com\/es\/wp-json\/wp\/v2\/pages\/3\/revisions"}],"predecessor-version":[{"id":8210,"href":"https:\/\/etek.com\/es\/wp-json\/wp\/v2\/pages\/3\/revisions\/8210"}],"wp:attachment":[{"href":"https:\/\/etek.com\/es\/wp-json\/wp\/v2\/media?parent=3"}],"curies":[{"name":"wp","href":"https:\/\/api.w.org\/{rel}","templated":true}]}}